{"id":37,"date":"2024-09-03T13:58:40","date_gmt":"2024-09-03T13:58:40","guid":{"rendered":"https:\/\/juremaalimentos.com.br\/juremaalimentos\/home\/"},"modified":"2024-09-03T19:16:51","modified_gmt":"2024-09-03T19:16:51","slug":"home","status":"publish","type":"page","link":"https:\/\/juremaalimentos.com.br\/juremaalimentos\/","title":{"rendered":"Home"},"content":{"rendered":"\n\n\n\n<h3><\/h3>\n\n<h1><span style=\"color:#000000;\">JUREMA<\/span> <\/h1>\n<h3 style=\"color: rgb(0, 0, 0);\">ALIMENTOS<\/h3>\n\n\n\n\n\n\n\n\n\n\n\n<p style=\"margin-bottom: 1rem; font-size: 18px; color: rgb(102, 102, 102); font-family: Athiti, sans-serif; text-align: left; background-color: rgb(255, 255, 255);\">N\u00f3s da empresa Jurema Alimentos temos uma linha completa de farinhas:<br>Biju, Grossa, Fina Branca e Fina Torrada.<\/p>\n<p>I\u2019m a paragraph. Go to SitePad Editor to add your own text and edit me. I\u2019m a great place for you to tell story and let your users.<\/p>\n\n\n\n\n\n\n\n\n\n<h2>Sustentabilidade <\/br>socioambiental da produ\u00e7\u00e3o<\/h2>\n\n\n\n\n\n<h2>Nossos Produtos<\/h2>\n\n\n<p [object NamedNodeMap]>Conhe\u00e7a nossa linha de produtos.<\/p>\n\n\n<p [object NamedNodeMap]><span style=\"color: rgb(102, 102, 102); font-family: Athiti, sans-serif; font-size: 18px; text-align: center; background-color: rgb(255, 255, 255);\">PRODUTOS DISPON\u00cdVEIS EM SACOS OU BIG BEG<\/span><br><\/p>\n\n\n\n\n\nFarinha Fina Branca\n\n\nFarinha Biju\n\n\n\n\n\n\nFarinha Fina Torrada\n\n\nFarinha de Mandioca Amarela\n\n\n\n\n\n\n\n<p>Lorem Ipsum has been the industry&#8217;s standard dummy text ever since the 1500s.<\/p>\n\n\n\n\n<h2>Tradi\u00e7\u00e3o em farinha de mandioca!<\/h2>\n<h5>\u00c9tica | Respeito | Confian\u00e7a | Tradi\u00e7\u00e3o<\/h5>\n\n\n\n\n\n","protected":false},"excerpt":{"rendered":"","protected":false},"author":0,"featured_media":0,"parent":0,"menu_order":0,"comment_status":"closed","ping_status":"closed","template":"","meta":{"pagelayer_contact_templates":[],"_pagelayer_content":"","footnotes":""},"class_list":["post-37","page","type-page","status-publish","hentry"],"_links":{"self":[{"href":"https:\/\/juremaalimentos.com.br\/juremaalimentos\/wp-json\/wp\/v2\/pages\/37","targetHints":{"allow":["GET"]}}],"collection":[{"href":"https:\/\/juremaalimentos.com.br\/juremaalimentos\/wp-json\/wp\/v2\/pages"}],"about":[{"href":"https:\/\/juremaalimentos.com.br\/juremaalimentos\/wp-json\/wp\/v2\/types\/page"}],"replies":[{"embeddable":true,"href":"https:\/\/juremaalimentos.com.br\/juremaalimentos\/wp-json\/wp\/v2\/comments?post=37"}],"version-history":[{"count":11,"href":"https:\/\/juremaalimentos.com.br\/juremaalimentos\/wp-json\/wp\/v2\/pages\/37\/revisions"}],"predecessor-version":[{"id":109,"href":"https:\/\/juremaalimentos.com.br\/juremaalimentos\/wp-json\/wp\/v2\/pages\/37\/revisions\/109"}],"wp:attachment":[{"href":"https:\/\/juremaalimentos.com.br\/juremaalimentos\/wp-json\/wp\/v2\/media?parent=37"}],"curies":[{"name":"wp","href":"https:\/\/api.w.org\/{rel}","templated":true}]}}